{"id":1214,"date":"2021-02-10T18:17:17","date_gmt":"2021-02-10T18:17:17","guid":{"rendered":"https:\/\/naltio.com\/pt\/?page_id=1214"},"modified":"2023-02-07T15:37:36","modified_gmt":"2023-02-07T15:37:36","slug":"termos-e-condicoes","status":"publish","type":"page","link":"https:\/\/naltio.com\/pt\/termos-e-condicoes\/","title":{"rendered":"Termos e Condi\u00e7\u00f5es"},"content":{"rendered":"\n<p>PRE\u00c2MBULO<\/p>\n\n\n\n<p>1.\u00ba\u00a0Estas condi\u00e7\u00f5es gerais de venda s\u00e3o acordadas entre a Maxcell Lda, com sede na Rua Eng. Nuno \u00c1lvares Pereira, 27, 4710-915 Braga n\u00famero de identifica\u00e7\u00e3o fiscal 516983121 e contacto +351\u00a0925 041 910, doravante designada por Maxcell e as pessoas que desejem efetuar compras atrav\u00e9s dos websites\u00a0<a href=\"https:\/\/app.naltio.com\/\">https:\/\/app.naltio.com<\/a>\u00a0doravante designadas por \u201cUtilizador\u201d.<\/p>\n\n\n\n<p>2.\u00ba&nbsp;As partes acordam que as compras efetuadas atrav\u00e9s do website https:\/\/app.naltio.com ser\u00e3o reguladas exclusivamente pelo presente contrato com exclus\u00e3o de quaisquer condi\u00e7\u00f5es previamente dispon\u00edveis no website.<\/p>\n\n\n\n<p>3\u00ba&nbsp;A Maxcell desenvolve software e&nbsp;\u00e9&nbsp;detentora da Webapp Naltio que se trata de um software de gest\u00e3o e apoio&nbsp;\u00e0&nbsp;decis\u00e3o cl\u00ednica.&nbsp;<\/p>\n\n\n\n<p>ARTIGO 1&nbsp;\u2013&nbsp;OBJETO<\/p>\n\n\n\n<p>1. As presentes condi\u00e7\u00f5es gerais de venda t\u00eam por objeto disponibilizar e definir todas as informa\u00e7\u00f5es necess\u00e1rias ao Utilizador sobre as modalidades de encomenda,&nbsp;de venda, pagamento e&nbsp;presta\u00e7\u00e3o do servi\u00e7o, efetuado no website https:\/\/app.naltio.com.<\/p>\n\n\n\n<p>2. Estas condi\u00e7\u00f5es regulam todas as etapas necess\u00e1rias para realizar a aquisi\u00e7\u00e3o e garantem o seguimento desta presta\u00e7\u00e3o de servi\u00e7o ao Utilizador.<\/p>\n\n\n\n<p>ARTIGO 2&nbsp;\u2013&nbsp;ENCOMENDA<\/p>\n\n\n\n<p>1. O Utilizador concretiza a sua encomenda atrav\u00e9s da conclus\u00e3o do processo de compra apresentado no website https:\/\/app.naltio.com,&nbsp;adicionando o(s) produto(s) ou servi\u00e7o(s) que pretende encomendar ao cesto de compras:<\/p>\n\n\n\n<p>2. Para enviar a sua encomenda o Utilizador dever\u00e1:<\/p>\n\n\n\n<p>&nbsp;&nbsp;&nbsp;a) Registar-se no website&nbsp;https:\/\/app.naltio.com, fornecendo para o efeito as informa\u00e7\u00f5es a\u00ed&nbsp;solicitadas.<\/p>\n\n\n\n<p>&nbsp;&nbsp;&nbsp;b) Efetuar o&nbsp;\u201clogin\u201d&nbsp;(facultando uma combina\u00e7\u00e3o de e-mail e palavra passe escolhidas pelo Utilizador no ato de registo).<\/p>\n\n\n\n<p>&nbsp;&nbsp;&nbsp;c) Completar a informa\u00e7\u00e3o e escolher as op\u00e7\u00f5es que lhe s\u00e3o disponibilizadas ao longo do processo de termino da encomenda (morada de entrega e fatura\u00e7\u00e3o, forma de envio, forma de pagamento, bem como o NIF e o nome que, para efeitos fiscais, pretende que constem na fatura).<\/p>\n\n\n\n<p>3. A confirma\u00e7\u00e3o final da encomenda pelo Utilizador equivale&nbsp;\u00e0&nbsp;aceita\u00e7\u00e3o plena e completa dos pre\u00e7os e descri\u00e7\u00e3o dos produtos\/servi\u00e7os dispon\u00edveis para venda assim como destas Condi\u00e7\u00f5es Gerais de Venda que ser\u00e3o as&nbsp;\u00fanicas aplic\u00e1veis ao contrato assim conclu\u00eddo.<\/p>\n\n\n\n<p>4. A Maxcell honrar\u00e1&nbsp;as encomendas recebidas online. Na falta de disponibilidade da presta\u00e7\u00e3o do servi\u00e7o a Maxcell compromete-se a informar o Utilizador logo que lhe seja poss\u00edvel.<\/p>\n\n\n\n<p>5. Os dados constantes na fatura s\u00e3o da inteira responsabilidade do Utilizador. A fatura depois de emitida n\u00e3o poder\u00e1ser reemitida com altera\u00e7\u00f5es.<\/p>\n\n\n\n<p>6. Caso o pagamento da fatura n\u00e3o seja rececionado pelos servi\u00e7os dentro do prazo indicado, a encomenda n\u00e3o ser\u00e1garantida.<\/p>\n\n\n\n<p>ARTIGO 3&nbsp;\u2013&nbsp;PAGAMENTO<\/p>\n\n\n\n<p>1. No website https:\/\/app.naltio.com, a Maxcell prop\u00f5e ao Utilizador as seguintes modalidades de pagamento via Easypay \u2013 Institui\u00e7\u00e3o de Pagamento Lda:<\/p>\n\n\n\n<ol><li>Cart\u00e3o de cr\u00e9dito (Visa, Mastercard);<\/li><li>Refer\u00eancia Multibanco;<\/li><li>Transfer\u00eancia;<\/li><li>MBWay<\/li><\/ol>\n\n\n\n<figure class=\"wp-block-image is-resized\"><img loading=\"lazy\" src=\"https:\/\/naltio.com\/wp-content\/uploads\/2021\/02\/slack-imgs.com_-1024x443.png\" alt=\"\" class=\"wp-image-1341\" width=\"256\" height=\"111\"\/><\/figure>\n\n\n\n<p>2. No caso do pagamento com cart\u00e3o de cr\u00e9dito, o d\u00e9bito ser\u00e1&nbsp;efetuado no cart\u00e3o do Utilizador imediatamente ap\u00f3s confirma\u00e7\u00e3o da capacidade de presta\u00e7\u00e3o do servi\u00e7o. Se algum dos servi\u00e7os&nbsp;encomendados&nbsp;n\u00e3o for poss\u00edvel de ser prestado, o valor dos mesmos ser\u00e1&nbsp;creditado no cart\u00e3o do Utilizador, ap\u00f3s o fecho da encomenda.<\/p>\n\n\n\n<p>ARTIGO 4&nbsp;\u2013&nbsp;DISPONIBILIZA\u00c7\u00c3O E CONSUMO<\/p>\n\n\n\n<ol><li>A disponibiliza\u00e7\u00e3o do servi\u00e7o ser\u00e1&nbsp;realizada ap\u00f3s a confirma\u00e7\u00e3o do pagamento efetuado.<\/li><\/ol>\n\n\n\n<p>ARTIGO 5&nbsp;\u2013&nbsp;PRE\u00c7OS<\/p>\n\n\n\n<p>1. Os pre\u00e7os devem entender-se em Euros (\u20ac), com taxas e impostos inclu\u00eddos, tendo em conta o IVA em vigor&nbsp;\u00e0&nbsp;data do pagamento da encomenda.<\/p>\n\n\n\n<p>2. Caso se verifique um aumento do Pre\u00e7os de algum servi\u00e7o, o Utilizador ser\u00e1&nbsp;informado de imediato, podendo optar por continuar a sua encomenda (efetuando o pagamento da diferen\u00e7a) ou por proceder ao seu cancelamento.<\/p>\n\n\n\n<p>ARTIGO 6&nbsp;\u2013&nbsp;CANCELAMENTO E DEVOLU\u00c7\u00c3O<\/p>\n\n\n\n<ol><li>O processo de cancelamento ou devolu\u00e7\u00e3o&nbsp;\u00e9&nbsp;tratado caso a caso, pela Maxcell. O pedido dever\u00e1&nbsp;chegar por escrito para o e-mail de contacto support@naltio.com at\u00e9&nbsp;15 dias ap\u00f3s a encomenda, sendo as instru\u00e7\u00f5es de cancelamento ou devolu\u00e7\u00e3o do valor pago respondidas e definidas pela Maxcell, pelo mesmo meio de comunica\u00e7\u00e3o.<\/li><\/ol>\n\n\n\n<ul><li>Sempre que poss\u00edvel a devolu\u00e7\u00e3o dever\u00e1&nbsp;realizar-se pela mesma via de pagamento, mas caso n\u00e3o seja poss\u00edvel, o utilizador dever\u00e1&nbsp;apresentar comprovativos de pagamento e de titularidade de conta ou cart\u00e3o, para que se realize a devolu\u00e7\u00e3o por Transfer\u00eancia Banc\u00e1ria.<\/li><li>A&nbsp;Maxcell compromete-se a reembolsar o Utilizador no prazo m\u00e1ximo de&nbsp;30 dias.&nbsp;<\/li><\/ul>\n\n\n\n<p>ARTIGO 7&nbsp;\u2013&nbsp;POL\u00cdTICA DE PRIVACIDADE<\/p>\n\n\n\n<p>O tratamento dos seus dados&nbsp;\u00e9&nbsp;feito no cumprimento da legisla\u00e7\u00e3o sobre a prote\u00e7\u00e3o de dados pessoais. Os mesmos, sujeitos a tratamento inform\u00e1tico, constar\u00e3o na(s) base(s) de dados da Maxcell e destinam-se ao registo e apresenta\u00e7\u00e3o de outros produtos e servi\u00e7os, bem como informa\u00e7\u00e3o institucional, a disponibilizar pelas mesmas.&nbsp;<\/p>\n\n\n\n<p>O seu fornecimento&nbsp;\u00e9&nbsp;facultativo e&nbsp;\u00e9&nbsp;garantido, nos termos da lei, o direito de acesso, retifica\u00e7\u00e3o e anula\u00e7\u00e3o de qualquer dado que lhe diga diretamente respeito, pessoalmente ou por via escrita, diretamente para o endere\u00e7o constante na p\u00e1gina inicial deste website.<\/p>\n","protected":false},"excerpt":{"rendered":"<p>PRE\u00c2MBULO 1.\u00ba\u00a0Estas condi\u00e7\u00f5es gerais de venda s\u00e3o acordadas entre a Maxcell Lda, com sede na Rua Eng. Nuno \u00c1lvares Pereira, 27, 4710-915 Braga n\u00famero de identifica\u00e7\u00e3o fiscal 516983121 e contacto +351\u00a0925 041 910, doravante designada por Maxcell e as pessoas que desejem efetuar compras atrav\u00e9s dos websites\u00a0https:\/\/app.naltio.com\u00a0doravante designadas por \u201cUtilizador\u201d. 2.\u00ba&nbsp;As partes acordam que as [&hellip;]<\/p>\n","protected":false},"author":1,"featured_media":0,"parent":0,"menu_order":0,"comment_status":"closed","ping_status":"closed","template":"","meta":[],"_links":{"self":[{"href":"https:\/\/naltio.com\/pt\/wp-json\/wp\/v2\/pages\/1214"}],"collection":[{"href":"https:\/\/naltio.com\/pt\/wp-json\/wp\/v2\/pages"}],"about":[{"href":"https:\/\/naltio.com\/pt\/wp-json\/wp\/v2\/types\/page"}],"author":[{"embeddable":true,"href":"https:\/\/naltio.com\/pt\/wp-json\/wp\/v2\/users\/1"}],"replies":[{"embeddable":true,"href":"https:\/\/naltio.com\/pt\/wp-json\/wp\/v2\/comments?post=1214"}],"version-history":[{"count":5,"href":"https:\/\/naltio.com\/pt\/wp-json\/wp\/v2\/pages\/1214\/revisions"}],"predecessor-version":[{"id":1340,"href":"https:\/\/naltio.com\/pt\/wp-json\/wp\/v2\/pages\/1214\/revisions\/1340"}],"wp:attachment":[{"href":"https:\/\/naltio.com\/pt\/wp-json\/wp\/v2\/media?parent=1214"}],"curies":[{"name":"wp","href":"https:\/\/api.w.org\/{rel}","templated":true}]}}